{"id":1058,"date":"2022-02-10T19:20:22","date_gmt":"2022-02-10T18:20:22","guid":{"rendered":"https:\/\/arnaudaubry.info\/?page_id=1058"},"modified":"2022-02-11T10:59:46","modified_gmt":"2022-02-11T09:59:46","slug":"cgv","status":"publish","type":"page","link":"https:\/\/arnaudaubry.info\/en\/cgv\/","title":{"rendered":"Conditions g\u00e9n\u00e9rales de vente"},"content":{"rendered":"","protected":false},"excerpt":{"rendered":"","protected":false},"author":1,"featured_media":0,"parent":0,"menu_order":11,"comment_status":"closed","ping_status":"closed","template":"","meta":{"footnotes":""},"grid":"{\r\n  \"colCount\": 12,\r\n  \"colGutter\": 3,\r\n  \"rowGutters\": [\r\n    3\r\n  ],\r\n  \"frameMargin\": 5,\r\n  \"leftFrameMargin\": 0,\r\n  \"rightFrameMargin\": 0,\r\n  \"topFrameMargin\": 10,\r\n  \"bottomFrameMargin\": 5,\r\n  \"rowAttrs\": [\r\n    {},\r\n    {}\r\n  ],\r\n  \"bgColor\": null,\r\n  \"cont\": [\r\n    {\r\n      \"type\": \"text\",\r\n      \"cont\": \"<p><span style=\\\"text-decoration: underline;\\\">Conditions g\u00e9n\u00e9rales de vente<\/span><\/p>\",\r\n      \"align\": \"top\",\r\n      \"row\": 0,\r\n      \"col\": 4,\r\n      \"colspan\": 7,\r\n      \"offsetx\": 0,\r\n      \"offsety\": 0,\r\n      \"spaceabove\": 0,\r\n      \"spacebelow\": 0,\r\n      \"yvel\": 1,\r\n      \"push\": 4,\r\n      \"relid\": 5,\r\n      \"frameOverflow\": \"\"\r\n    },\r\n    {\r\n      \"type\": \"text\",\r\n      \"cont\": \"<p class=\\\"_Default\\\">Les pr\u00e9sentes conditions de vente sont conclues d\u2019une part par Arnaud Aubry, artiste-auteur domicili\u00e9 au 16 rue de la Serpentine, 44880 Sautron, n\u00b0 SIREN 825 160 013 00017 g\u00e9rant le site http:\/\/arnaudaubry.info et, d\u2019autre part, par toute personne physique ou morale souhaitant proc\u00e9der \u00e0 un achat via le site internet http:\/\/arnaudaubry.info d\u00e9nomm\u00e9e ci-apr\u00e8s \\\" l\u2019acheteur \\\".<br \/><br \/><span style=\\\"text-decoration: underline;\\\">Article 1. Objet<\/span> <br \/><br \/>Les pr\u00e9sentes conditions de vente visent \u00e0 d\u00e9finir les relations contractuelles entre Arnaud Aubry et l\u2019acheteur et les conditions applicables \u00e0 tout achat effectu\u00e9 par le biais du site internet http:\/\/arnaudaubry.info .L\u2019acquisition d\u2019un produit \u00e0 travers le pr\u00e9sent site implique une acceptation sans r\u00e9serve par l\u2019acheteur des pr\u00e9sentes conditions de vente dont l\u2019acheteur reconna\u00eet avoir pris connaissance pr\u00e9alablement \u00e0 sa commande. Avant toute transaction, l\u2019acheteur d\u00e9clare d\u2019une part que l\u2019achat de produits sur le site http:\/\/arnaudaubry.info est sans rapport direct avec son activit\u00e9 professionnelle et est limit\u00e9 \u00e0 une utilisation strictement personnelle et d\u2019autre part avoir la pleine capacit\u00e9 juridique, lui permettant de s\u2019engager au titre des pr\u00e9sentes conditions g\u00e9n\u00e9rales de ventes.<\/p><p class=\\\"_Default\\\"><br \/>Arnaud Aubry conserve la possibilit\u00e9 de modifier \u00e0 tout moment ces conditions de ventes, afin de respecter toute nouvelle r\u00e9glementation ou dans le but d'am\u00e9liorer l\u2019utilisation de son site. De ce fait, les conditions applicables seront celles en vigueur \u00e0 la date de la commande par l\u2019acheteur.<\/p><p class=\\\"_Default\\\"><br \/><span style=\\\"text-decoration: underline;\\\">Article 2. Produits<\/span><\/p><p class=\\\"_Default\\\"><br \/>Les produits propos\u00e9s sont ceux qui figurent sur le site http:\/\/arnaudaubry.info , dans la limite des stocks disponibles. Arnaud Aubry se r\u00e9serve le droit de modifier \u00e0 tout moment l\u2019assortiment de produits. Chaque produit est pr\u00e9sent\u00e9 sur le site internet sous forme d\u2019un descriptif reprenant ses principales caract\u00e9ristiques techniques (format, taille, impression,... ). Les photographies sont les plus fid\u00e8les possibles mais n\u2019engagent en rien le Vendeur. La vente des produits pr\u00e9sent\u00e9s dans le site http:\/\/arnaudaubry.info est destin\u00e9e \u00e0 tous les acheteurs r\u00e9sidants dans les pays qui autorisent pleinement l\u2019entr\u00e9e sur leur territoire de ces produits.<\/p><p class=\\\"_Default\\\"><br \/><span style=\\\"text-decoration: underline;\\\">Article 3. Tarifs<\/span><\/p><p class=\\\"_Default\\\"><br \/>Les prix figurant sur les fiches produits du catalogue internet et sont des prix en Euros (\u20ac) toutes taxes comprises (TTC) tenant compte de la TVA applicable au jour de la commande. Tout changement du taux de la TVA pourra \u00eatre r\u00e9percut\u00e9 sur le prix des produits. Arnaud Aubry se r\u00e9serve le droit de modifier ses prix \u00e0 tout moment, \u00e9tant toutefois entendu que le prix figurant au catalogue le jour de la commande sera le seul applicable \u00e0 l\u2019acheteur. Les prix indiqu\u00e9s ne comprennent pas les frais de livraison, factur\u00e9s en suppl\u00e9ment du prix des produits achet\u00e9s suivant le montant total de la commande.<\/p><p class=\\\"_Default\\\"><br \/><span style=\\\"text-decoration: underline;\\\">Article 4. Commande et modalit\u00e9s de paiement<\/span><\/p><p class=\\\"_Default\\\"><br \/>- Paiement s\u00e9curis\u00e9 par Paypal ou carte bancaire (via le syst\u00e8me PAYPAL) : l\u2019acheteur s\u00e9lectionne les produits qu\u2019il souhaite commander dans le \u00ab panier \u00bb, modifie si besoin (quantit\u00e9s, r\u00e9f\u00e9rences\u2026), v\u00e9rifie l\u2019adresse de livraison ou en renseigne une nouvelle. Puis, les frais de port sont calcul\u00e9s et soumis \u00e0 l\u2019acheteur, ainsi que le nom du transporteur. Ensuite, l\u2019acheteur choisit le mode de paiement de son choix : \u00ab Paiement par Paypal \u00bb. L\u2019\u00e9tape suivante lui propose de v\u00e9rifier l\u2019ensemble des informations, prendre connaissance et accepter les pr\u00e9sentes conditions g\u00e9n\u00e9rales de vente en cochant la case correspondante, puis l\u2019invite \u00e0 valider sa commande en cliquant sur le bouton \u00ab Confirmer ma commande \u00bb. Enfin, l\u2019acheteur est redirig\u00e9 sur l\u2019interface s\u00e9curis\u00e9e PAYPAL afin de renseigner en toute s\u00e9curit\u00e9 ses r\u00e9f\u00e9rences de compte Paypal ou de carte bleue personnelle. Si le paiement est accept\u00e9, la commande est enregistr\u00e9e et le contrat d\u00e9finitivement form\u00e9. Le paiement par compte Paypal ou par carte bancaire est irr\u00e9vocable. En cas d\u2019utilisation frauduleuse de celle-ci, l\u2019acheteur pourra exiger l\u2019annulation du paiement par carte, les sommes vers\u00e9es seront alors recr\u00e9dit\u00e9es ou restitu\u00e9es. La responsabilit\u00e9 du titulaire d\u2019une carte bancaire n\u2019est pas engag\u00e9e si le paiement contest\u00e9 a \u00e9t\u00e9 prouv\u00e9 effectu\u00e9 frauduleusement, \u00e0 distance, sans utilisation physique de sa carte. Pour obtenir le remboursement du d\u00e9bit frauduleux et des \u00e9ventuels frais bancaires que l\u2019op\u00e9ration a pu engendrer, le porteur de la carte doit contester, par \u00e9crit, le pr\u00e9l\u00e8vement aupr\u00e8s de sa banque, dans les 70 jours suivant l\u2019op\u00e9ration, voire 120 jours si le contrat le liant \u00e0 celle-ci le pr\u00e9voit. Les montants pr\u00e9lev\u00e9s sont rembours\u00e9s par la banque dans un d\u00e9lai maximum d\u2019un mois apr\u00e8s r\u00e9ception de la contestation \u00e9crite form\u00e9e par le porteur. Aucun frais de restitution des sommes ne pourra \u00eatre mis \u00e0 la charge du titulaire.<\/p><p class=\\\"_Default\\\"><br \/>La confirmation d\u2019une commande entra\u00eene acceptation des pr\u00e9sentes conditions de vente, la reconnaissance d\u2019en avoir parfaite connaissance et la renonciation \u00e0 se pr\u00e9valoir de ses propres conditions d\u2019achat. L\u2019ensemble des donn\u00e9es fournies et la confirmation enregistr\u00e9e vaudront preuve de la transaction. Si l\u2019acheteur poss\u00e8de une adresse \u00e9lectronique et s\u2019il l\u2019a renseign\u00e9e sur son bon de commande, la Arnaud Aubry lui communiquera par courrier \u00e9lectronique la confirmation de l\u2019enregistrement de sa commande.<\/p><p class=\\\"_Default\\\"><br \/>Si l\u2019acheteur souhaite contacter Arnaud Aubry, il peut le faire soit par courrier \u00e0 l\u2019adresse mail suivante : arnaud_aubry@hotmail.com<\/p><p class=\\\"_Default\\\"><br \/><span style=\\\"text-decoration: underline;\\\">Article 5. R\u00e9serve de propri\u00e9t\u00e9<\/span><\/p><p class=\\\"_Default\\\"><br \/>Arnaud Aubry conserve la propri\u00e9t\u00e9 pleine et enti\u00e8re des produits vendus jusqu'au parfait encaissement du prix, en principal, frais et taxes compris.<\/p><p class=\\\"_Default\\\"><br \/><span style=\\\"text-decoration: underline;\\\">Article 6. R\u00e9tractation<\/span><\/p><p class=\\\"_Default\\\"><br \/>En vertu de l\u2019article L121-20 du Code de la consommation, l\u2019acheteur dispose d'un d\u00e9lai de quatorze jours ouvrables \u00e0 compter de la livraison de leur commande pour exercer son droit de r\u00e9tractation et ainsi faire retour du produit au vendeur pour \u00e9change ou remboursement sans p\u00e9nalit\u00e9, \u00e0 l\u2019exception des frais de retour.<\/p><p class=\\\"_Default\\\"><br \/><span style=\\\"text-decoration: underline;\\\">Article 7. Livraison<\/span><\/p><p class=\\\"_Default\\\"><br \/>Les livraisons sont faites \u00e0 l\u2019adresse indiqu\u00e9e sur le bon de commande qui ne peut \u00eatre que dans la zone g\u00e9ographique convenue. Les commandes sont effectu\u00e9es par La Poste via COLISSIMO, service de livraison avec suivi, remise sans signature. Les d\u00e9lais de livraison ne sont donn\u00e9s qu\u2019\u00e0 titre indicatif ; si ceux-ci d\u00e9passent trente jours \u00e0 compter de la commande, le contrat de vente pourra \u00eatre r\u00e9sili\u00e9 et l\u2019acheteur rembours\u00e9. Arnaud Aubry pourra \u00e9ventuellement fournir par e-mail \u00e0 l\u2019acheteur le num\u00e9ro de suivi de son colis. L\u2019acheteur est livr\u00e9 \u00e0 son domicile par son facteur. En cas d\u2019absence de l\u2019acheteur, il recevra un avis de passage de son facteur, ce qui lui permet de retirer les produits command\u00e9s au bureau de Poste le plus proche, pendant un d\u00e9lai indiqu\u00e9 par les services postaux. Les risques li\u00e9s au transport sont \u00e0 la charge de l'acqu\u00e9reur \u00e0 compter du moment o\u00f9 les articles quittent les locaux d'Arnaud Aubry. L\u2019acheteur est tenu de v\u00e9rifier en pr\u00e9sence du pr\u00e9pos\u00e9 de La Poste ou du livreur, l\u2019\u00e9tat de l\u2019emballage de la marchandise et son contenu \u00e0 la livraison. En cas de dommage pendant le transport, toute protestation doit \u00eatre effectu\u00e9e aupr\u00e8s du transporteur dans un d\u00e9lai de trois jours \u00e0 compter de la livraison.<\/p><p class=\\\"_Default\\\"><br \/><span style=\\\"text-decoration: underline;\\\">Article 8. Garantie<\/span><\/p><p class=\\\"_Default\\\"><br \/>Tous les produits fournis par Arnaud Aubry b\u00e9n\u00e9ficient de la garantie l\u00e9gale pr\u00e9vue par les articles 1641 et suivants du Code civil. En cas de non conformit\u00e9 d\u2019un produit vendu, il pourra \u00eatre retourn\u00e9 \u00e0 Arnaud Aubry qui le reprendra, l\u2019\u00e9changera ou le remboursera. Toutes les r\u00e9clamations, demandes d\u2019\u00e9change ou de remboursement doivent s\u2019effectuer par voie postale \u00e0 l\u2019adresse suivante 3 all\u00e9e de l'\u00cele Gloriette, 44000 Nantes, dans un d\u00e9lai de trente jours apr\u00e8s livraison.<\/p><p class=\\\"_Default\\\"><br \/><span style=\\\"text-decoration: underline;\\\">Article 9. Responsabilit\u00e9<\/span><\/p><p class=\\\"_Default\\\"><br \/>Arnaud Aubry, dans le processus de vente \u00e0 distance, n\u2019est tenue que par une obligation de moyens. Sa responsabilit\u00e9 ne pourra \u00eatre engag\u00e9e pour un dommage r\u00e9sultant de l\u2019utilisation du r\u00e9seau Internet tel que perte de donn\u00e9es, intrusion, virus, rupture du service, ou autres probl\u00e8mes involontaires.<\/p><p class=\\\"_Default\\\"><br \/><span style=\\\"text-decoration: underline;\\\">Article 10. Propri\u00e9t\u00e9 intellectuelle<\/span><\/p><p class=\\\"_Default\\\"><br \/>Tous les \u00e9l\u00e9ments du site http:\/\/arnaudaubry.info sont et restent la propri\u00e9t\u00e9 intellectuelle et exclusive d'Arnaud Aubry. Personne n\u2019est autoris\u00e9 \u00e0 reproduire, exploiter, ou utiliser \u00e0 quelque titre que ce soit, m\u00eame partiellement, des \u00e9l\u00e9ments du site qu\u2019ils soient sous forme de photo, logo, visuel ou texte.<\/p><p class=\\\"_Default\\\"><br \/><span style=\\\"text-decoration: underline;\\\">Article 11. Donn\u00e9es \u00e0 caract\u00e8re personnel<\/span><\/p><p class=\\\"_Default\\\"><br \/>Arnaud Aubry s'engage \u00e0 pr\u00e9server la confidentialit\u00e9 des informations fournies par l\u2019acheteur, qu'il serait amen\u00e9 \u00e0 transmettre pour l'utilisation de certains services. Toute information le concernant est soumise aux dispositions de la loi n\u00b0 78-17 du 6 janvier 1978. A ce titre, l'internaute dispose d'un droit d'acc\u00e8s, de modification et de suppression des informations le concernant. Il peut en faire la demande \u00e0 tout moment par courrier \u00e0 l\u2019adresse suivante : 3 all\u00e9e de l'\u00cele Gloriette, 44000 Nantes.<\/p><p class=\\\"_Default\\\"><br \/><span style=\\\"text-decoration: underline;\\\">Article 12. R\u00e8glement des litiges<\/span><\/p><p class=\\\"_Default\\\"><br \/>Les pr\u00e9sentes conditions de vente \u00e0 distance sont soumises \u00e0 la loi fran\u00e7aise. Pour tous litiges ou contentieux, le Tribunal comp\u00e9tent sera celui de Nantes.<\/p>\",\r\n      \"align\": \"top\",\r\n      \"row\": 1,\r\n      \"col\": 4,\r\n      \"colspan\": 7,\r\n      \"offsetx\": 0,\r\n      \"offsety\": 0,\r\n      \"spaceabove\": 0,\r\n      \"spacebelow\": 0,\r\n      \"yvel\": 1,\r\n      \"push\": 4,\r\n      \"relid\": 4,\r\n      \"frameOverflow\": \"\"\r\n    }\r\n  ]\r\n}","phonegrid":"","_links":{"self":[{"href":"https:\/\/arnaudaubry.info\/en\/wp-json\/wp\/v2\/pages\/1058"}],"collection":[{"href":"https:\/\/arnaudaubry.info\/en\/wp-json\/wp\/v2\/pages"}],"about":[{"href":"https:\/\/arnaudaubry.info\/en\/wp-json\/wp\/v2\/types\/page"}],"author":[{"embeddable":true,"href":"https:\/\/arnaudaubry.info\/en\/wp-json\/wp\/v2\/users\/1"}],"replies":[{"embeddable":true,"href":"https:\/\/arnaudaubry.info\/en\/wp-json\/wp\/v2\/comments?post=1058"}],"version-history":[{"count":0,"href":"https:\/\/arnaudaubry.info\/en\/wp-json\/wp\/v2\/pages\/1058\/revisions"}],"wp:attachment":[{"href":"https:\/\/arnaudaubry.info\/en\/wp-json\/wp\/v2\/media?parent=1058"}],"curies":[{"name":"wp","href":"https:\/\/api.w.org\/{rel}","templated":true}]}}